{"id":370,"date":"2021-03-11T12:46:54","date_gmt":"2021-03-11T11:46:54","guid":{"rendered":"http:\/\/www.avantiare.es\/?page_id=370"},"modified":"2021-03-15T11:50:28","modified_gmt":"2021-03-15T10:50:28","slug":"370-2","status":"publish","type":"page","link":"https:\/\/www.avantiare.es\/?page_id=370","title":{"rendered":"Lineas de Negocio"},"content":{"rendered":"<p>[et_pb_section fb_built=\u00bb1&#8243; use_custom_gutter=\u00bbon\u00bb gutter_width=\u00bb1&#8243; specialty=\u00bbon\u00bb background_color_2=\u00bb#f7f7f7&#8243; padding_top_2=\u00bb60px\u00bb admin_label=\u00bbAbout Us\u00bb module_class=\u00bb et_pb_specialty_fullwidth\u00bb _builder_version=\u00bb4.6.6&#8243; use_background_color_gradient=\u00bbon\u00bb background_color_gradient_start=\u00bbrgba(12,12,12,0.4)\u00bb background_color_gradient_end=\u00bbrgba(12,12,12,0)\u00bb background_color_gradient_type=\u00bbradial\u00bb background_color_gradient_direction_radial=\u00bbtop left\u00bb background_color_gradient_overlays_image=\u00bbon\u00bb background_image=\u00bbhttp:\/\/www.avantiare.es\/wp-content\/uploads\/2021\/03\/unnamed-1.jpg\u00bb inner_width=\u00bb100%\u00bb inner_width_tablet=\u00bb100%\u00bb inner_width_phone=\u00bb\u00bb inner_width_last_edited=\u00bbon|desktop\u00bb inner_max_width=\u00bb100%\u00bb inner_max_width_tablet=\u00bb100%\u00bb inner_max_width_phone=\u00bb\u00bb inner_max_width_last_edited=\u00bbon|desktop\u00bb custom_margin=\u00bb|||\u00bb custom_padding=\u00bb0px|0px|0px|0px|true|false\u00bb make_fullwidth=\u00bbon\u00bb][et_pb_column type=\u00bb1_3&#8243; _builder_version=\u00bb3.25&#8243; custom_padding=\u00bb|||\u00bb custom_padding__hover=\u00bb|||\u00bb][et_pb_divider show_divider=\u00bboff\u00bb _builder_version=\u00bb4.6.6&#8243; background_image=\u00bbhttp:\/\/www.avantiare.es\/wp-content\/uploads\/2021\/03\/unnamed-1.jpg\u00bb height=\u00bb240px\u00bb][\/et_pb_divider][\/et_pb_column][et_pb_column type=\u00bb2_3&#8243; specialty_columns=\u00bb2&#8243; _builder_version=\u00bb3.25&#8243; background_color=\u00bb#f7f7f7&#8243; custom_padding=\u00bb|||\u00bb custom_padding__hover=\u00bb|||\u00bb][et_pb_row_inner custom_padding_last_edited=\u00bbon|tablet\u00bb _builder_version=\u00bb3.25&#8243; custom_margin=\u00bb|||\u00bb custom_padding=\u00bb|8vw|45px|8vw|false|false\u00bb custom_padding_tablet=\u00bb|40px||40px||true\u00bb custom_padding_phone=\u00bb\u00bb][et_pb_column_inner saved_specialty_column_type=\u00bb2_3&#8243; _builder_version=\u00bb3.25&#8243; custom_padding=\u00bb|||\u00bb custom_padding__hover=\u00bb|||\u00bb][et_pb_text _builder_version=\u00bb3.27.4&#8243; text_font=\u00bb||||||||\u00bb header_font=\u00bb||||||||\u00bb header_2_font=\u00bbRubik|700|||||||\u00bb header_2_font_size=\u00bb42px\u00bb header_2_line_height=\u00bb1.2em\u00bb module_alignment=\u00bbcenter\u00bb custom_margin=\u00bb|||\u00bb custom_padding=\u00bb|||\u00bb header_2_font_size_tablet=\u00bb\u00bb header_2_font_size_phone=\u00bb36px\u00bb header_2_font_size_last_edited=\u00bbon|phone\u00bb locked=\u00bboff\u00bb]<\/p>\n<h2>LINEAS DE NEGOCIO<\/h2>\n<p>[\/et_pb_text][et_pb_divider color=\u00bb#0C71C3&#8243; divider_position=\u00bbcenter\u00bb divider_weight=\u00bb5px\u00bb _builder_version=\u00bb4.9.2&#8243; max_width=\u00bb50px\u00bb hover_enabled=\u00bb0&#8243; sticky_enabled=\u00bb0&#8243;][\/et_pb_divider][\/et_pb_column_inner][\/et_pb_row_inner][et_pb_row_inner use_custom_gutter=\u00bbon\u00bb custom_padding_last_edited=\u00bbon|tablet\u00bb _builder_version=\u00bb3.25&#8243; module_alignment=\u00bbcenter\u00bb custom_margin=\u00bb|||\u00bb custom_padding=\u00bb0px|8vw|0px|8vw|true|true\u00bb custom_padding_tablet=\u00bb|40px||40px||true\u00bb custom_padding_phone=\u00bb\u00bb][et_pb_column_inner saved_specialty_column_type=\u00bb2_3&#8243; _builder_version=\u00bb3.25&#8243; custom_padding=\u00bb|||\u00bb custom_padding_tablet=\u00bb|0px||\u00bb custom_padding_last_edited=\u00bboff|desktop\u00bb padding_tablet=\u00bb|0px||\u00bb padding_last_edited=\u00bboff|desktop\u00bb custom_padding__hover=\u00bb|||\u00bb][et_pb_text _builder_version=\u00bb4.6.6&#8243; text_font=\u00bb||||||||\u00bb text_font_size=\u00bb15px\u00bb text_line_height=\u00bb1.8em\u00bb custom_padding=\u00bb|||\u00bb custom_padding_tablet=\u00bb|40px||40px||true\u00bb custom_padding_last_edited=\u00bboff|desktop\u00bb]<\/p>\n<p><strong>1\u00aa ) Obras hidr\u00e1ulicas de Estaciones de Tratamiento, Depuraci\u00f3n y Reutilizaci\u00f3n de aguas urbanas e industriales:<\/strong><\/p>\n<p>TECNOLOG\u00cdAS:<\/p>\n<p>-TRATAMIENTOS F\u00cdSICO-QU\u00cdMICOS: CAF, DAF, COAGULACI\u00d3N-FLOCULACI\u00d3N<\/p>\n<p>&nbsp;<\/p>\n<p>-TRATAMIENTOS BIOL\u00d3GICOS: CONVENCIONAL, SBR, MBR, UASB<\/p>\n<p>&nbsp;<\/p>\n<p>&#8211; TRATAMIENTOS TERCIARIOS\/REUTILIZACI\u00d3N: FILTRACI\u00d3N, MEMBRANAS, DESINFECCI\u00d3N<\/p>\n<p><strong>\u00a0<\/strong><\/p>\n<p><strong>2\u00aa ) Asistencia t\u00e9cnica para el seguimiento\/control y explotaci\u00f3n de instalaciones<\/strong><\/p>\n<p>&#8211; OPERACIONES DE MANTENIMIENTO Y CONTROL DE INSTALACIONES<\/p>\n<p>&nbsp;<\/p>\n<p>&#8211; SUMINISTRO Y OPTIMIZACI\u00d3N DE REACTIVOS QU\u00cdMICOS PARA TRATAMIENTOS DE AGUAS Y FANGOS<\/p>\n<p>&nbsp;<\/p>\n<p>&#8211; CONTROL ANAL\u00cdTICO DE AGUAS<\/p>\n<p>&nbsp;<\/p>\n<p><strong>3\u00aa) \u00a0Asesoramiento medioambiental en materia de vertidos, optimizaci\u00f3n del canon y eficiencia energ\u00e9tica<\/strong><\/p>\n<p>&nbsp;<\/p>\n<p>-LEGALIZACI\u00d3N DE INSTALACIONES (L\u00cdNEA DE AGUAS)<\/p>\n<p>&nbsp;<\/p>\n<p>&#8211; ASESORAMIENTO Y TRAMITACI\u00d3N DE AUTORIZACIONES Y SANCIONES EN MATERIA DE VERTIDOS<\/p>\n<p>&nbsp;<\/p>\n<p>&#8211; ESTUDIOS PERSONALIZADOS PARA LA OPTIMIZACI\u00d3N DEL CANON DE VERTIDO Y EFICIENCIA ENERG\u00c9TICA (EDAR-EDARi)<\/p>\n<p>[\/et_pb_text][\/et_pb_column_inner][\/et_pb_row_inner][\/et_pb_column][\/et_pb_section]<\/p>\n","protected":false},"excerpt":{"rendered":"<p>[et_pb_section fb_built=\u00bb1&#8243; use_custom_gutter=\u00bbon\u00bb gutter_width=\u00bb1&#8243; specialty=\u00bbon\u00bb background_color_2=\u00bb#f7f7f7&#8243; padding_top_2=\u00bb60px\u00bb admin_label=\u00bbAbout Us\u00bb module_class=\u00bb et_pb_specialty_fullwidth\u00bb _builder_version=\u00bb4.6.6&#8243; use_background_color_gradient=\u00bbon\u00bb background_color_gradient_start=\u00bbrgba(12,12,12,0.4)\u00bb background_color_gradient_end=\u00bbrgba(12,12,12,0)\u00bb background_color_gradient_type=\u00bbradial\u00bb background_color_gradient_direction_radial=\u00bbtop left\u00bb background_color_gradient_overlays_image=\u00bbon\u00bb background_image=\u00bbhttp:\/\/www.avantiare.es\/wp-content\/uploads\/2021\/03\/unnamed-1.jpg\u00bb inner_width=\u00bb100%\u00bb inner_width_tablet=\u00bb100%\u00bb inner_width_phone=\u00bb\u00bb inner_width_last_edited=\u00bbon|desktop\u00bb inner_max_width=\u00bb100%\u00bb inner_max_width_tablet=\u00bb100%\u00bb inner_max_width_phone=\u00bb\u00bb inner_max_width_last_edited=\u00bbon|desktop\u00bb custom_margin=\u00bb|||\u00bb custom_padding=\u00bb0px|0px|0px|0px|true|false\u00bb make_fullwidth=\u00bbon\u00bb][et_pb_column type=\u00bb1_3&#8243; _builder_version=\u00bb3.25&#8243; custom_padding=\u00bb|||\u00bb custom_padding__hover=\u00bb|||\u00bb][et_pb_divider show_divider=\u00bboff\u00bb _builder_version=\u00bb4.6.6&#8243; background_image=\u00bbhttp:\/\/www.avantiare.es\/wp-content\/uploads\/2021\/03\/unnamed-1.jpg\u00bb height=\u00bb240px\u00bb][\/et_pb_divider][\/et_pb_column][et_pb_column type=\u00bb2_3&#8243; specialty_columns=\u00bb2&#8243; _builder_version=\u00bb3.25&#8243; background_color=\u00bb#f7f7f7&#8243; custom_padding=\u00bb|||\u00bb custom_padding__hover=\u00bb|||\u00bb][et_pb_row_inner custom_padding_last_edited=\u00bbon|tablet\u00bb _builder_version=\u00bb3.25&#8243; custom_margin=\u00bb|||\u00bb custom_padding=\u00bb|8vw|45px|8vw|false|false\u00bb custom_padding_tablet=\u00bb|40px||40px||true\u00bb custom_padding_phone=\u00bb\u00bb][et_pb_column_inner saved_specialty_column_type=\u00bb2_3&#8243; _builder_version=\u00bb3.25&#8243; custom_padding=\u00bb|||\u00bb custom_padding__hover=\u00bb|||\u00bb][et_pb_text [&hellip;]<\/p>\n","protected":false},"author":2,"featured_media":0,"parent":0,"menu_order":0,"comment_status":"closed","ping_status":"closed","template":"","meta":{"_et_pb_use_builder":"on","_et_pb_old_content":"","_et_gb_content_width":""},"_links":{"self":[{"href":"https:\/\/www.avantiare.es\/index.php?rest_route=\/wp\/v2\/pages\/370"}],"collection":[{"href":"https:\/\/www.avantiare.es\/index.php?rest_route=\/wp\/v2\/pages"}],"about":[{"href":"https:\/\/www.avantiare.es\/index.php?rest_route=\/wp\/v2\/types\/page"}],"author":[{"embeddable":true,"href":"https:\/\/www.avantiare.es\/index.php?rest_route=\/wp\/v2\/users\/2"}],"replies":[{"embeddable":true,"href":"https:\/\/www.avantiare.es\/index.php?rest_route=%2Fwp%2Fv2%2Fcomments&post=370"}],"version-history":[{"count":4,"href":"https:\/\/www.avantiare.es\/index.php?rest_route=\/wp\/v2\/pages\/370\/revisions"}],"predecessor-version":[{"id":461,"href":"https:\/\/www.avantiare.es\/index.php?rest_route=\/wp\/v2\/pages\/370\/revisions\/461"}],"wp:attachment":[{"href":"https:\/\/www.avantiare.es\/index.php?rest_route=%2Fwp%2Fv2%2Fmedia&parent=370"}],"curies":[{"name":"wp","href":"https:\/\/api.w.org\/{rel}","templated":true}]}}