{"id":393,"date":"2021-03-15T09:17:27","date_gmt":"2021-03-15T08:17:27","guid":{"rendered":"http:\/\/www.avantiare.es\/?page_id=393"},"modified":"2021-03-17T13:21:25","modified_gmt":"2021-03-17T12:21:25","slug":"393-2","status":"publish","type":"page","link":"https:\/\/www.avantiare.es\/?page_id=393","title":{"rendered":"Avantiare Prefabricados"},"content":{"rendered":"<p>[et_pb_section fb_built=\u00bb1&#8243; admin_label=\u00bbHero\u00bb _builder_version=\u00bb4.9.2&#8243; use_background_color_gradient=\u00bbon\u00bb background_color_gradient_start=\u00bbrgba(40,40,40,0.79)\u00bb background_color_gradient_end=\u00bbrgba(40,40,40,0.86)\u00bb background_color_gradient_type=\u00bbradial\u00bb background_color_gradient_direction_radial=\u00bbtop left\u00bb background_color_gradient_overlays_image=\u00bbon\u00bb background_image=\u00bbhttp:\/\/www.avantiare.es\/wp-content\/uploads\/2021\/03\/aa.jpg\u00bb custom_margin=\u00bb||||false\u00bb custom_padding=\u00bb10vw||10vw||true|false\u00bb][et_pb_row _builder_version=\u00bb4.6.6&#8243; border_color_all=\u00bb#0c71c3&#8243;][et_pb_column type=\u00bb4_4&#8243; _builder_version=\u00bb3.25&#8243; custom_padding=\u00bb|||\u00bb custom_padding__hover=\u00bb|||\u00bb][et_pb_divider color=\u00bb#FFFFFF\u00bb divider_position=\u00bbcenter\u00bb divider_weight=\u00bb5px\u00bb _builder_version=\u00bb4.9.2&#8243; max_width=\u00bb50px\u00bb module_alignment=\u00bbcenter\u00bb border_color_all=\u00bb#0c71c3&#8243; locked=\u00bboff\u00bb][\/et_pb_divider][et_pb_text _builder_version=\u00bb3.27.4&#8243; text_font=\u00bb||||||||\u00bb header_font=\u00bbRubik|700|||||||\u00bb header_font_size=\u00bb64px\u00bb header_line_height=\u00bb1.1em\u00bb text_orientation=\u00bbcenter\u00bb background_layout=\u00bbdark\u00bb max_width=\u00bb800px\u00bb module_alignment=\u00bbcenter\u00bb custom_margin=\u00bb||0px|\u00bb custom_padding=\u00bb|||16px\u00bb text_font_size_tablet=\u00bb14px\u00bb text_font_size_last_edited=\u00bboff|desktop\u00bb header_font_size_tablet=\u00bb44px\u00bb header_font_size_phone=\u00bb32px\u00bb header_font_size_last_edited=\u00bbon|phone\u00bb]<\/p>\n<h1>Avantiare Prefabricados\u00a0<\/h1>\n<p>[\/et_pb_text][et_pb_divider color=\u00bb#FFFFFF\u00bb divider_position=\u00bbcenter\u00bb divider_weight=\u00bb5px\u00bb _builder_version=\u00bb4.9.2&#8243; max_width=\u00bb50px\u00bb module_alignment=\u00bbcenter\u00bb border_color_all=\u00bb#0c71c3&#8243; locked=\u00bboff\u00bb][\/et_pb_divider][\/et_pb_column][\/et_pb_row][\/et_pb_section][et_pb_section fb_built=\u00bb1&#8243; admin_label=\u00bb Get a Quote\u00bb _builder_version=\u00bb3.22&#8243; custom_padding=\u00bb|||\u00bb animation_style=\u00bbslide\u00bb animation_direction=\u00bbtop\u00bb animation_intensity_slide=\u00bb10%\u00bb box_shadow_style=\u00bbpreset3&#8243; box_shadow_vertical=\u00bb10px\u00bb box_shadow_blur=\u00bb105px\u00bb box_shadow_spread=\u00bb0px\u00bb box_shadow_color=\u00bbrgba(0,0,0,0.12)\u00bb][et_pb_row column_structure=\u00bb1_2,1_2&#8243; _builder_version=\u00bb3.25&#8243; background_color=\u00bb#ffffff\u00bb max_width=\u00bb80%\u00bb custom_margin=\u00bb|||\u00bb use_custom_width=\u00bbon\u00bb width_unit=\u00bboff\u00bb][et_pb_column type=\u00bb1_2&#8243; _builder_version=\u00bb3.25&#8243; custom_padding=\u00bb|||\u00bb custom_padding__hover=\u00bb|||\u00bb][et_pb_blurb title=\u00bbCerramientos\u00bb url=\u00bb@ET-DC@eyJkeW5hbWljIjp0cnVlLCJjb250ZW50IjoicG9zdF9saW5rX3VybF9wYWdlIiwic2V0dGluZ3MiOnsicG9zdF9pZCI6IjQxNiJ9fQ==@\u00bb image=\u00bbhttp:\/\/www.avantiare.es\/wp-content\/uploads\/2021\/03\/construction-icon-7-gray.png\u00bb icon_placement=\u00bbleft\u00bb image_max_width=\u00bb64px\u00bb content_max_width=\u00bb1100px\u00bb content_max_width_tablet=\u00bb1100px\u00bb content_max_width_last_edited=\u00bboff|desktop\u00bb _builder_version=\u00bb4.9.2&#8243; _dynamic_attributes=\u00bburl\u00bb header_font=\u00bbRubik|700|||||||\u00bb header_line_height=\u00bb1.4em\u00bb body_font=\u00bb||||||||\u00bb body_font_size=\u00bb15px\u00bb body_line_height=\u00bb1.8em\u00bb custom_margin=\u00bb|||\u00bb custom_padding=\u00bb|||\u00bb animation_style=\u00bbslide\u00bb animation_direction=\u00bbright\u00bb animation_intensity_slide=\u00bb10%\u00bb animation=\u00bboff\u00bb locked=\u00bboff\u00bb]<\/p>\n<p><span>Cerramientos de estructura prefabricada de hormig\u00f3nn.<\/span><\/p>\n<p>[\/et_pb_blurb][\/et_pb_column][et_pb_column type=\u00bb1_2&#8243; _builder_version=\u00bb3.25&#8243; custom_padding=\u00bb|||\u00bb custom_padding__hover=\u00bb|||\u00bb][et_pb_blurb title=\u00bbObras\u00bb url=\u00bb@ET-DC@eyJkeW5hbWljIjp0cnVlLCJjb250ZW50IjoicG9zdF9saW5rX3VybF9wYWdlIiwic2V0dGluZ3MiOnsicG9zdF9pZCI6IjQzMiJ9fQ==@\u00bb image=\u00bbhttp:\/\/www.avantiare.es\/wp-content\/uploads\/2021\/03\/construction-icon-2-gray.png\u00bb icon_placement=\u00bbleft\u00bb image_max_width=\u00bb64px\u00bb content_max_width=\u00bb1100px\u00bb content_max_width_tablet=\u00bb1100px\u00bb content_max_width_last_edited=\u00bboff|desktop\u00bb _builder_version=\u00bb4.9.2&#8243; _dynamic_attributes=\u00bburl\u00bb header_font=\u00bbRubik|700|||||||\u00bb header_line_height=\u00bb1.4em\u00bb body_font=\u00bb||||||||\u00bb body_font_size=\u00bb15px\u00bb body_line_height=\u00bb1.8em\u00bb custom_margin=\u00bb|||\u00bb custom_padding=\u00bb||7px|||\u00bb animation_style=\u00bbslide\u00bb animation_direction=\u00bbright\u00bb animation_delay=\u00bb200ms\u00bb animation_intensity_slide=\u00bb10%\u00bb animation=\u00bboff\u00bb locked=\u00bboff\u00bb]<\/p>\n<p><span>Resumen de Referencias de nuestro equipo t\u00e9cnico de Estructuras y Hormig\u00f3n Prefabricado adem\u00e1s de las obras realizadas.<\/span><\/p>\n<p>[\/et_pb_blurb][\/et_pb_column][\/et_pb_row][et_pb_row column_structure=\u00bb1_2,1_2&#8243; _builder_version=\u00bb3.25&#8243; background_color=\u00bb#ffffff\u00bb max_width=\u00bb80%\u00bb custom_margin=\u00bb|||\u00bb use_custom_width=\u00bbon\u00bb width_unit=\u00bboff\u00bb][et_pb_column type=\u00bb1_2&#8243; _builder_version=\u00bb3.25&#8243; custom_padding=\u00bb|||\u00bb custom_padding__hover=\u00bb|||\u00bb][et_pb_blurb title=\u00bbEspeciales\u00bb url=\u00bb@ET-DC@eyJkeW5hbWljIjp0cnVlLCJjb250ZW50IjoicG9zdF9saW5rX3VybF9wYWdlIiwic2V0dGluZ3MiOnsicG9zdF9pZCI6IjQyNiJ9fQ==@\u00bb image=\u00bbhttp:\/\/www.avantiare.es\/wp-content\/uploads\/2021\/03\/construction-icon-1-gray.png\u00bb icon_placement=\u00bbleft\u00bb image_max_width=\u00bb64px\u00bb content_max_width=\u00bb1100px\u00bb content_max_width_tablet=\u00bb1100px\u00bb content_max_width_last_edited=\u00bboff|desktop\u00bb _builder_version=\u00bb4.9.2&#8243; _dynamic_attributes=\u00bburl\u00bb header_font=\u00bbRubik|700|||||||\u00bb header_line_height=\u00bb1.4em\u00bb body_font=\u00bb||||||||\u00bb body_font_size=\u00bb15px\u00bb body_line_height=\u00bb1.8em\u00bb custom_margin=\u00bb|||\u00bb custom_padding=\u00bb|||\u00bb animation_style=\u00bbslide\u00bb animation_direction=\u00bbright\u00bb animation_intensity_slide=\u00bb10%\u00bb animation=\u00bboff\u00bb locked=\u00bboff\u00bb]<\/p>\n<p><span>Estructura prefabricada de hormig\u00f3n Especiales.<\/span><\/p>\n<p>[\/et_pb_blurb][\/et_pb_column][et_pb_column type=\u00bb1_2&#8243; _builder_version=\u00bb3.25&#8243; custom_padding=\u00bb|||\u00bb custom_padding__hover=\u00bb|||\u00bb][et_pb_blurb title=\u00bbEstructuras\u00bb url=\u00bb@ET-DC@eyJkeW5hbWljIjp0cnVlLCJjb250ZW50IjoicG9zdF9saW5rX3VybF9wYWdlIiwic2V0dGluZ3MiOnsicG9zdF9pZCI6IjQwOSJ9fQ==@\u00bb image=\u00bbhttp:\/\/www.avantiare.es\/wp-content\/uploads\/2021\/03\/construction-icon-5-gray.png\u00bb icon_placement=\u00bbleft\u00bb image_max_width=\u00bb64px\u00bb content_max_width=\u00bb1100px\u00bb content_max_width_tablet=\u00bb1100px\u00bb content_max_width_last_edited=\u00bboff|desktop\u00bb _builder_version=\u00bb4.9.2&#8243; _dynamic_attributes=\u00bburl\u00bb header_font=\u00bbRubik|700|||||||\u00bb header_line_height=\u00bb1.4em\u00bb body_font=\u00bb||||||||\u00bb body_font_size=\u00bb15px\u00bb body_line_height=\u00bb1.8em\u00bb custom_margin=\u00bb|||\u00bb custom_padding=\u00bb|||\u00bb animation_style=\u00bbslide\u00bb animation_direction=\u00bbright\u00bb animation_delay=\u00bb100ms\u00bb animation_intensity_slide=\u00bb10%\u00bb animation=\u00bboff\u00bb locked=\u00bboff\u00bb]<\/p>\n<p><span>Diferentes tipos de estructura prefabricada de hormig\u00f3n<\/span><\/p>\n<p>[\/et_pb_blurb][\/et_pb_column][\/et_pb_row][\/et_pb_section][et_pb_section fb_built=\u00bb1&#8243; specialty=\u00bbon\u00bb background_color_2=\u00bb#f7f7f7&#8243; padding_top_bottom_link_1=\u00bbtrue\u00bb padding_left_right_link_1=\u00bbfalse\u00bb padding_top_1=\u00bb80px\u00bb padding_top_2=\u00bb60px\u00bb padding_bottom_1=\u00bb80px\u00bb padding_left_1=\u00bb60px\u00bb padding_1_tablet=\u00bb|10%||10%||true\u00bb padding_1_phone=\u00bb\u00bb padding_1_last_edited=\u00bbon|tablet\u00bb admin_label=\u00bbAbout Us\u00bb _builder_version=\u00bb4.9.2&#8243; background_color=\u00bb#D6D6D6&#8243; use_background_color_gradient=\u00bbon\u00bb background_color_gradient_start=\u00bb#ffffff\u00bb background_color_gradient_end=\u00bb#d6d6d6&#8243; background_image=\u00bbhttp:\/\/www.avantiare.es\/wp-content\/uploads\/2021\/03\/aa-150&#215;150.jpg\u00bb inner_width=\u00bb100%\u00bb inner_max_width=\u00bb100%\u00bb custom_padding=\u00bb0||0||false|false\u00bb use_custom_width=\u00bbon\u00bb width_unit=\u00bboff\u00bb custom_width_percent=\u00bb100%\u00bb][et_pb_column type=\u00bb1_3&#8243; _builder_version=\u00bb3.25&#8243; custom_padding=\u00bb|||\u00bb padding_tablet=\u00bb|10%||10%||true\u00bb padding_last_edited=\u00bbon|tablet\u00bb custom_padding__hover=\u00bb|||\u00bb][et_pb_image src=\u00bbhttp:\/\/www.avantiare.es\/wp-content\/uploads\/2021\/03\/AVANTIARE-prefabricados-logo-gris.jpg\u00bb title_text=\u00bbAVANTIARE prefabricados logo gris\u00bb _builder_version=\u00bb4.6.6&#8243; _module_preset=\u00bbdefault\u00bb background_image=\u00bbhttp:\/\/www.avantiare.es\/wp-content\/uploads\/2021\/03\/LOGO-A-AGUA.jpg\u00bb][\/et_pb_image][\/et_pb_column][et_pb_column type=\u00bb2_3&#8243; specialty_columns=\u00bb2&#8243; _builder_version=\u00bb3.25&#8243; background_color=\u00bb#f7f7f7&#8243; custom_padding=\u00bb|||\u00bb custom_padding__hover=\u00bb|||\u00bb][et_pb_row_inner custom_padding_last_edited=\u00bbon|tablet\u00bb _builder_version=\u00bb4.6.6&#8243; custom_margin=\u00bb|||\u00bb custom_padding=\u00bb|8vw|45px|8vw|false|false\u00bb custom_padding_tablet=\u00bb|40px||40px||true\u00bb custom_padding_phone=\u00bb\u00bb border_color_all=\u00bb#0c71c3&#8243;][et_pb_column_inner saved_specialty_column_type=\u00bb2_3&#8243; _builder_version=\u00bb3.25&#8243; custom_padding=\u00bb|||\u00bb custom_padding__hover=\u00bb|||\u00bb][et_pb_text _builder_version=\u00bb3.27.4&#8243; text_font=\u00bb||||||||\u00bb header_font=\u00bb||||||||\u00bb header_2_font=\u00bbRubik|700|||||||\u00bb header_2_font_size=\u00bb42px\u00bb header_2_line_height=\u00bb1.2em\u00bb module_alignment=\u00bbcenter\u00bb custom_margin=\u00bb|||\u00bb custom_padding=\u00bb|||\u00bb header_2_font_size_tablet=\u00bb\u00bb header_2_font_size_phone=\u00bb36px\u00bb header_2_font_size_last_edited=\u00bbon|phone\u00bb locked=\u00bboff\u00bb]<\/p>\n<h2>Que Hacemos<\/h2>\n<p>[\/et_pb_text][et_pb_divider color=\u00bb#B3B3B3&#8243; divider_position=\u00bbcenter\u00bb divider_weight=\u00bb5px\u00bb _builder_version=\u00bb4.9.2&#8243; max_width=\u00bb50px\u00bb][\/et_pb_divider][\/et_pb_column_inner][\/et_pb_row_inner][et_pb_row_inner column_structure=\u00bb1_2,1_2&#8243; use_custom_gutter=\u00bbon\u00bb custom_padding_last_edited=\u00bbon|tablet\u00bb _builder_version=\u00bb3.25&#8243; module_alignment=\u00bbcenter\u00bb custom_margin=\u00bb|||\u00bb custom_padding=\u00bb0px|8vw|0px|8vw|true|true\u00bb custom_padding_tablet=\u00bb|40px||40px||true\u00bb custom_padding_phone=\u00bb\u00bb][et_pb_column_inner type=\u00bb1_2&#8243; saved_specialty_column_type=\u00bb2_3&#8243; _builder_version=\u00bb3.25&#8243; custom_padding=\u00bb|||\u00bb custom_padding_tablet=\u00bb|0px||\u00bb custom_padding_last_edited=\u00bboff|desktop\u00bb padding_tablet=\u00bb|0px||\u00bb padding_last_edited=\u00bboff|desktop\u00bb custom_padding__hover=\u00bb|||\u00bb][et_pb_text _builder_version=\u00bb4.9.2&#8243; text_font=\u00bb||||||||\u00bb text_font_size=\u00bb15px\u00bb text_line_height=\u00bb1.8em\u00bb custom_padding=\u00bb|||\u00bb custom_padding_tablet=\u00bb|40px||40px||true\u00bb custom_padding_last_edited=\u00bboff|desktop\u00bb hover_enabled=\u00bb0&#8243; sticky_enabled=\u00bb0&#8243;]<\/p>\n<p style=\"text-align: justify;\">La empresa<span>\u00a0<\/span><strong>AVANTIARE Construcciones y Medioambiente, S.A<\/strong>. al 100 % de su accionariado con capital andaluz, siendo llamado a ser l\u00edder del mercado en Andaluc\u00eda Oriental.<\/p>\n<p style=\"text-align: justify;\">En la actualidad contamos con una plantilla cualificada de oficina t\u00e9cnica para colaboraci\u00f3n con estudios de arquitectos e ingenier\u00edas proyectistas en la redacci\u00f3n de proyectos.<\/p>\n<p style=\"text-align: justify;\"><strong>ACREDITACI\u00d3N EMPRESARIAL:<\/strong><\/p>\n<p style=\"text-align: justify;\">+ \u00a0Somos Empresa Colaboradora en Construccion Sostenible de la Junta de Andalucia, para la realizaci\u00f3n de Trabajos de eficiencia energetica.<\/p>\n<p style=\"text-align: justify;\">+ \u00a0Contamos con Clasificaciones Administrativas como contratistas del estado a trav\u00e9s del Ministerio de Econom\u00eda y Hacienda, para las actividades de instalaciones el\u00e9ctricas, climatizaci\u00f3n e instalaciones mec\u00e1nicas para los Grupos y subgrupos : C-01-1, C-02-3, C-04-3, C-06-1, C-07-1, C-08-1, C-09-1.<\/p>\n<p style=\"text-align: justify;\">+ \u00a0Hemos sido inscritos ante la Consejer\u00eda de Empleo de la Junta de Andaluc\u00eda, en el Registro de Empresas Acreditadas con el n\u00famero 01040000392<\/p>\n<p style=\"text-align: justify;\">\n<p style=\"text-align: justify;\">La empresa<span>\u00a0<\/span><strong>AVANTIARE<\/strong><span>\u00a0<\/span>Construcciones y Medioambiente, S.A. , de reciente actividad, se crea con la finalidad de englobar los servicios integrales y necesidades de sus clientes, desde la participaci\u00f3n activa desde la fase de la redacci\u00f3n del propio proyecto. \u00a0 \u00a0 \u00a0 \u00a0 \u00a0 \u00a0 \u00a0 \u00a0 \u00a0 \u00a0 \u00a0 \u00a0 \u00a0 \u00a0 \u00a0 \u00a0 \u00a0 \u00a0 \u00a0 \u00a0 \u00a0 \u00a0 \u00a0 \u00a0 \u00a0 \u00a0 \u00a0 \u00a0 \u00a0 \u00a0 \u00a0 \u00a0 \u00a0 \u00a0 \u00a0 \u00a0 \u00a0 \u00a0 \u00a0 \u00a0.<\/p>\n<p style=\"text-align: justify;\">As\u00ed, AVANTIARE est\u00e1 formada por un equipo de t\u00e9cnicos y profesionales que se organizan a su vez en tres l\u00edneas de negocio incorporadas dentro de \u00c1rea T\u00e9cnica la Empresa:<\/p>\n<p style=\"text-align: justify;\">\u2022 Estructuras y Prefabricados de Hormig\u00f3n<\/p>\n<p style=\"text-align: justify;\">\u2022 Obras de Construcci\u00f3n<\/p>\n<p style=\"text-align: justify;\">\u2022 Instalaciones : \u00a0 \u00a0 (El\u00e9ctricas, Mec\u00e1nicas y Contra Incendios)<\/p>\n<p style=\"text-align: justify;\">\u2022 Medioambiente y Renovables<\/p>\n<p style=\"text-align: justify;\"><img src=\"https:\/\/static.s123-cdn-static.com\/uploads\/4225708\/2000_5f633640de3b5.jpg\" class=\"fr-fic fr-dib\" \/><\/p>\n<p style=\"text-align: justify;\"><img src=\"https:\/\/static.s123-cdn-static.com\/uploads\/4225708\/2000_5f6336394d925.jpg\" class=\"fr-fic fr-dib\" \/><\/p>\n<p style=\"text-align: justify;\"><img src=\"https:\/\/static.s123-cdn-static.com\/uploads\/4225708\/2000_5f63364c1b99d.jpg\" class=\"fr-fic fr-dib\" \/><\/p>\n<p style=\"text-align: justify;\">[\/et_pb_text][\/et_pb_column_inner][et_pb_column_inner type=\u00bb1_2&#8243; saved_specialty_column_type=\u00bb2_3&#8243; _builder_version=\u00bb3.25&#8243; custom_padding=\u00bb|||\u00bb custom_padding__hover=\u00bb|||\u00bb][et_pb_text _builder_version=\u00bb4.9.2&#8243; text_font=\u00bb||||||||\u00bb text_font_size=\u00bb15px\u00bb text_line_height=\u00bb1.8em\u00bb hover_enabled=\u00bb0&#8243; locked=\u00bboff\u00bb sticky_enabled=\u00bb0&#8243;]<\/p>\n<p>&nbsp;<\/p>\n<p style=\"text-align: justify;\">Como \u00e1mbito de trabajo estamos implantados en la Regiones de Andaluc\u00eda, Extremadura y Murcia , siendo nuestro direccional obras del sector industrial, rehabilitaciones, edificaci\u00f3n singular, el medioambiente y las instalaciones de energ\u00edas renovables.<\/p>\n<p style=\"text-align: justify;\">El equipo de t\u00e9cnicos que conforma AVANTIARE Construcciones y Medioambiente, S.A. procede de las principales empresas de sector, abarcando una experiencia de m\u00e1s de 15 a\u00f1os en su haber y habiendo participado en la ejecuci\u00f3n de obras de los principales proyectos en su sector.<\/p>\n<p style=\"text-align: justify;\">Nos ofrecemos como empresa de su confianza para la ejecuci\u00f3n de obras en las que nuestra experiencia y dedicaci\u00f3n le permitir\u00e1 alcanzar los mayores est\u00e1ndares de calidad, garant\u00edas y cumplimiento de plazos y presupuestos. \u00a0 \u00a0 \u00a0 \u00a0 \u00a0 \u00a0 \u00a0 \u00a0 \u00a0 \u00a0 \u00a0 \u00a0 \u00a0 \u00a0 \u00a0 \u00a0 \u00a0 \u00a0 \u00a0 \u00a0 \u00a0 \u00a0 \u00a0 \u00a0 \u00a0 \u00a0 \u00a0.<\/p>\n<p style=\"text-align: justify;\">A partir de contar con un equipo de t\u00e9cnicos de primer nivel,<span>\u00a0<\/span><strong>AVANTIARE<\/strong><span>\u00a0<\/span>est\u00e1 destinada a ocupar el puesto como empresa l\u00edder en su cuota de mercado en el sector de la construcci\u00f3n, cada vez m\u00e1s, participando en obras de mayor envergadura. \u00a0 \u00a0 \u00a0 \u00a0 \u00a0 \u00a0 \u00a0 \u00a0 \u00a0 \u00a0 \u00a0 \u00a0 \u00a0 \u00a0 \u00a0 \u00a0 \u00a0 \u00a0 \u00a0 \u00a0 \u00a0 \u00a0 \u00a0 \u00a0 \u00a0 \u00a0.<\/p>\n<p style=\"text-align: justify;\">A ra\u00edz de un acuerdo de exclusividad con<span> con varios fabricantes de prefabricados<\/span>, nace<span>\u00a0<\/span><strong>AVANTIARE Estructuras y Prefabricados de Hormig\u00f3n,<\/strong><span>\u00a0<\/span>para ofrecer a nuestros clientes servicios t\u00e9cnicos y ejecuci\u00f3n de obras en hormig\u00f3n prefabricado con la calidad, experiencia y competitividad que nuestros clientes se merecen.<\/p>\n<p style=\"text-align: justify;\">M\u00e1s de 25 a\u00f1os de experiencia y m\u00e1s de 5 millones de metros construidos en hormig\u00f3n prefabricado.<\/p>\n<p style=\"text-align: justify;\">\n<p style=\"text-align: justify;\"><strong>AVANTIARE Estructuras y Prefabricados de Hormig\u00f3n<\/strong>, cuenta con la ventaja de distribuir desde la f\u00e1bricas en Andaluc\u00eda, con unas instalaciones de m\u00e1s de 20.00 m2 para producci\u00f3n y acopio de materiales, dotada de la m\u00e1s moderna maquinaria en la fabricaci\u00f3n de hormig\u00f3n prefabricado, para poder abastecer a nivel nacional e internacional, con equipos de producci\u00f3n de alta cualificaci\u00f3n y una dilatada experiencia en la construcci\u00f3n industrializada.<\/p>\n<p style=\"text-align: justify;\"><img src=\"https:\/\/static.s123-cdn-static.com\/uploads\/4225708\/2000_5f63360b18249.jpg\" class=\"fr-fic fr-dib\" \/><\/p>\n<p style=\"text-align: justify;\"><img src=\"https:\/\/static.s123-cdn-static.com\/uploads\/4225708\/2000_5f63362a600fb.jpg\" class=\"fr-fic fr-dib\" \/><\/p>\n<p>&nbsp;<\/p>\n<p>[\/et_pb_text][\/et_pb_column_inner][\/et_pb_row_inner][\/et_pb_column][\/et_pb_section]<\/p>\n","protected":false},"excerpt":{"rendered":"<p>[et_pb_section fb_built=\u00bb1&#8243; admin_label=\u00bbHero\u00bb _builder_version=\u00bb4.9.2&#8243; use_background_color_gradient=\u00bbon\u00bb background_color_gradient_start=\u00bbrgba(40,40,40,0.79)\u00bb background_color_gradient_end=\u00bbrgba(40,40,40,0.86)\u00bb background_color_gradient_type=\u00bbradial\u00bb background_color_gradient_direction_radial=\u00bbtop left\u00bb background_color_gradient_overlays_image=\u00bbon\u00bb background_image=\u00bbhttp:\/\/www.avantiare.es\/wp-content\/uploads\/2021\/03\/aa.jpg\u00bb custom_margin=\u00bb||||false\u00bb custom_padding=\u00bb10vw||10vw||true|false\u00bb][et_pb_row _builder_version=\u00bb4.6.6&#8243; border_color_all=\u00bb#0c71c3&#8243;][et_pb_column type=\u00bb4_4&#8243; _builder_version=\u00bb3.25&#8243; custom_padding=\u00bb|||\u00bb custom_padding__hover=\u00bb|||\u00bb][et_pb_divider color=\u00bb#FFFFFF\u00bb divider_position=\u00bbcenter\u00bb divider_weight=\u00bb5px\u00bb _builder_version=\u00bb4.9.2&#8243; max_width=\u00bb50px\u00bb module_alignment=\u00bbcenter\u00bb border_color_all=\u00bb#0c71c3&#8243; locked=\u00bboff\u00bb][\/et_pb_divider][et_pb_text _builder_version=\u00bb3.27.4&#8243; text_font=\u00bb||||||||\u00bb header_font=\u00bbRubik|700|||||||\u00bb header_font_size=\u00bb64px\u00bb header_line_height=\u00bb1.1em\u00bb text_orientation=\u00bbcenter\u00bb background_layout=\u00bbdark\u00bb max_width=\u00bb800px\u00bb module_alignment=\u00bbcenter\u00bb custom_margin=\u00bb||0px|\u00bb custom_padding=\u00bb|||16px\u00bb text_font_size_tablet=\u00bb14px\u00bb text_font_size_last_edited=\u00bboff|desktop\u00bb header_font_size_tablet=\u00bb44px\u00bb header_font_size_phone=\u00bb32px\u00bb header_font_size_last_edited=\u00bbon|phone\u00bb] Avantiare Prefabricados\u00a0 [\/et_pb_text][et_pb_divider color=\u00bb#FFFFFF\u00bb divider_position=\u00bbcenter\u00bb divider_weight=\u00bb5px\u00bb _builder_version=\u00bb4.9.2&#8243; max_width=\u00bb50px\u00bb module_alignment=\u00bbcenter\u00bb border_color_all=\u00bb#0c71c3&#8243; locked=\u00bboff\u00bb][\/et_pb_divider][\/et_pb_column][\/et_pb_row][\/et_pb_section][et_pb_section [&hellip;]<\/p>\n","protected":false},"author":2,"featured_media":0,"parent":0,"menu_order":0,"comment_status":"closed","ping_status":"closed","template":"","meta":{"_et_pb_use_builder":"on","_et_pb_old_content":"","_et_gb_content_width":""},"_links":{"self":[{"href":"https:\/\/www.avantiare.es\/index.php?rest_route=\/wp\/v2\/pages\/393"}],"collection":[{"href":"https:\/\/www.avantiare.es\/index.php?rest_route=\/wp\/v2\/pages"}],"about":[{"href":"https:\/\/www.avantiare.es\/index.php?rest_route=\/wp\/v2\/types\/page"}],"author":[{"embeddable":true,"href":"https:\/\/www.avantiare.es\/index.php?rest_route=\/wp\/v2\/users\/2"}],"replies":[{"embeddable":true,"href":"https:\/\/www.avantiare.es\/index.php?rest_route=%2Fwp%2Fv2%2Fcomments&post=393"}],"version-history":[{"count":10,"href":"https:\/\/www.avantiare.es\/index.php?rest_route=\/wp\/v2\/pages\/393\/revisions"}],"predecessor-version":[{"id":472,"href":"https:\/\/www.avantiare.es\/index.php?rest_route=\/wp\/v2\/pages\/393\/revisions\/472"}],"wp:attachment":[{"href":"https:\/\/www.avantiare.es\/index.php?rest_route=%2Fwp%2Fv2%2Fmedia&parent=393"}],"curies":[{"name":"wp","href":"https:\/\/api.w.org\/{rel}","templated":true}]}}