{"id":432,"date":"2021-03-15T10:02:25","date_gmt":"2021-03-15T09:02:25","guid":{"rendered":"http:\/\/www.avantiare.es\/?page_id=432"},"modified":"2021-03-15T11:48:00","modified_gmt":"2021-03-15T10:48:00","slug":"432-2","status":"publish","type":"page","link":"https:\/\/www.avantiare.es\/?page_id=432","title":{"rendered":"Obras Prefabricados"},"content":{"rendered":"<p>[et_pb_section fb_built=\u00bb1&#8243; use_custom_gutter=\u00bbon\u00bb gutter_width=\u00bb1&#8243; specialty=\u00bbon\u00bb background_color_2=\u00bb#f7f7f7&#8243; padding_top_2=\u00bb60px\u00bb admin_label=\u00bbAbout Us\u00bb module_class=\u00bb et_pb_specialty_fullwidth\u00bb _builder_version=\u00bb4.6.6&#8243; use_background_color_gradient=\u00bbon\u00bb background_color_gradient_start=\u00bbrgba(12,12,12,0.4)\u00bb background_color_gradient_end=\u00bbrgba(12,12,12,0)\u00bb background_color_gradient_type=\u00bbradial\u00bb background_color_gradient_direction_radial=\u00bbtop left\u00bb background_color_gradient_overlays_image=\u00bbon\u00bb background_image=\u00bbhttp:\/\/www.avantiare.es\/wp-content\/uploads\/2021\/03\/unnamed.png\u00bb inner_width=\u00bb100%\u00bb inner_width_tablet=\u00bb100%\u00bb inner_width_phone=\u00bb\u00bb inner_width_last_edited=\u00bbon|desktop\u00bb inner_max_width=\u00bb100%\u00bb inner_max_width_tablet=\u00bb100%\u00bb inner_max_width_phone=\u00bb\u00bb inner_max_width_last_edited=\u00bbon|desktop\u00bb custom_margin=\u00bb|||\u00bb custom_padding=\u00bb0px|0px|0px|0px|true|false\u00bb make_fullwidth=\u00bbon\u00bb][et_pb_column type=\u00bb1_3&#8243; _builder_version=\u00bb3.25&#8243; custom_padding=\u00bb|||\u00bb custom_padding__hover=\u00bb|||\u00bb][et_pb_divider show_divider=\u00bboff\u00bb _builder_version=\u00bb4.6.6&#8243; background_image=\u00bbhttp:\/\/www.avantiare.es\/wp-content\/uploads\/2021\/03\/unnamed.png\u00bb height=\u00bb240px\u00bb][\/et_pb_divider][\/et_pb_column][et_pb_column type=\u00bb2_3&#8243; specialty_columns=\u00bb2&#8243; _builder_version=\u00bb3.25&#8243; background_color=\u00bb#f7f7f7&#8243; custom_padding=\u00bb|||\u00bb custom_padding__hover=\u00bb|||\u00bb][et_pb_row_inner custom_padding_last_edited=\u00bbon|tablet\u00bb _builder_version=\u00bb3.25&#8243; custom_margin=\u00bb|||\u00bb custom_padding=\u00bb|8vw|45px|8vw|false|false\u00bb custom_padding_tablet=\u00bb|40px||40px||true\u00bb custom_padding_phone=\u00bb\u00bb][et_pb_column_inner saved_specialty_column_type=\u00bb2_3&#8243; _builder_version=\u00bb3.25&#8243; custom_padding=\u00bb|||\u00bb custom_padding__hover=\u00bb|||\u00bb][et_pb_text _builder_version=\u00bb3.27.4&#8243; text_font=\u00bb||||||||\u00bb header_font=\u00bb||||||||\u00bb header_2_font=\u00bbRubik|700|||||||\u00bb header_2_font_size=\u00bb42px\u00bb header_2_line_height=\u00bb1.2em\u00bb module_alignment=\u00bbcenter\u00bb custom_margin=\u00bb|||\u00bb custom_padding=\u00bb|||\u00bb header_2_font_size_tablet=\u00bb\u00bb header_2_font_size_phone=\u00bb36px\u00bb header_2_font_size_last_edited=\u00bbon|phone\u00bb locked=\u00bboff\u00bb]<\/p>\n<h2>OBRAS<\/h2>\n<p>[\/et_pb_text][et_pb_divider color=\u00bb#B3B3B3&#8243; divider_position=\u00bbcenter\u00bb divider_weight=\u00bb5px\u00bb _builder_version=\u00bb4.9.2&#8243; max_width=\u00bb50px\u00bb hover_enabled=\u00bb0&#8243; sticky_enabled=\u00bb0&#8243;][\/et_pb_divider][\/et_pb_column_inner][\/et_pb_row_inner][et_pb_row_inner use_custom_gutter=\u00bbon\u00bb custom_padding_last_edited=\u00bbon|tablet\u00bb _builder_version=\u00bb3.25&#8243; module_alignment=\u00bbcenter\u00bb custom_margin=\u00bb|||\u00bb custom_padding=\u00bb0px|8vw|0px|8vw|true|true\u00bb custom_padding_tablet=\u00bb|40px||40px||true\u00bb custom_padding_phone=\u00bb\u00bb][et_pb_column_inner saved_specialty_column_type=\u00bb2_3&#8243; _builder_version=\u00bb3.25&#8243; custom_padding=\u00bb|||\u00bb custom_padding_tablet=\u00bb|0px||\u00bb custom_padding_last_edited=\u00bboff|desktop\u00bb padding_tablet=\u00bb|0px||\u00bb padding_last_edited=\u00bboff|desktop\u00bb custom_padding__hover=\u00bb|||\u00bb][et_pb_text _builder_version=\u00bb4.6.6&#8243; text_font=\u00bb||||||||\u00bb text_font_size=\u00bb15px\u00bb text_line_height=\u00bb1.8em\u00bb custom_padding=\u00bb|||\u00bb custom_padding_tablet=\u00bb|40px||40px||true\u00bb custom_padding_last_edited=\u00bboff|desktop\u00bb]<\/p>\n<p><strong><u><span>TRABAJOS REALIZADOS CON AVANTIARE PREFABRICADOS:<\/span><\/u><\/strong><\/p>\n<p><strong><u><span>REFERENCIAS DE NUESTRO EQUIPO T\u00c9CNICO:<\/span><\/u><\/strong><\/p>\n<p>&nbsp;<\/p>\n<p>OPTIMIZACI\u00d3N DE PROCESO EN VARIAS LINEAS DE PRODUCCI\u00d3N EN PLANTA INDUSTR. PARA \u201cSILESTONE\u201d, COSENTINO GROUP<\/p>\n<p>INSTALACI\u00d3N EL\u00c9CTRICA Y DE CLIMATIZACI\u00d3N PARA EDIFICIO DE PRENSA \u201cCANAL N\u00c1UTICO\u201d PARA JUEGOS DEL MEDITERR\u00c1NEO 2005<\/p>\n<p>INSTALACIONES EN GENERAL DE 99 VIVIENDAS, PARKING Y ALUMBRADO DE URBANIZACI\u00d3N EN RESIDENCIAL LOS ALMENDROS, VALLE DEL ESTE GOLF RESORT<\/p>\n<p>INSTALACIONES EN GENERAL \u00a0DE 90 VIVIENDAS, PARKING Y ALUMBRADO DE URBANIZACI\u00d3N EN RESIDENCIAL PALMERA, VALLE DEL ESTE GOLF RESORT<\/p>\n<p>INSTALACIONES EN GENERAL DE 24 VIVIENDAS, PARKING Y ALUMBRADO DE URBANIZACI\u00d3N EN RESIDENCIAL RETAMA, VALLE DEL ESTE GOLF RESORT<\/p>\n<p>INSTALACIONES EN GENERAL \u00a014 VIVIENDAS, PARKING ALUMBRADO URBANIZACI\u00d3N EN RESIDENCIAL LOS \u00c1LAMOS, VALLE DEL ESTE GOLF RESORT<\/p>\n<p>INSTALACIONES EN GENERAL \u00a0DE 41 VIVIENDAS, PARKING Y ALUMBRADO DE URBANIZACI\u00d3N EN RESIDENCIAL YUCAS, VALLE DEL ESTE GOLF RESORT<\/p>\n<p>INSTALACIONES EN GENERAL DE 40 VIVIENDAS, PARKING Y ALUMBRADO DE URBANIZACI\u00d3N EN RESIDENCIAL MADRESELVA, VALLE DEL ESTE GOLF RESORT<\/p>\n<p>ALUMBRADO P\u00daBLICO CTRA. NACIONAL 332 EN LA LOCALIDAD DE CUEVAS DEL ALMANZORA (ALMER\u00cdA), EXCMO. AYUNTAMIENTO DE CUEVAS DEL ALMANZORA<\/p>\n<p>CENTRO DE TRANSFORMACI\u00d3N, L\u00cdNEA M.T, L\u00cdNEA B.T, Y ALUMBRADO P\u00daBLICO EN RESIDENCIAL REYAL NOZAR, UTE REYAL NOZART<\/p>\n<p><strong>NAVES ADOSADAS EN ONTIGOLA (TOLEDO)<\/strong><\/p>\n<p><img src=\"https:\/\/static.s123-cdn-static.com\/uploads\/4225708\/2000_5f634bbc4f538.jpg\" class=\"fr-fic fr-dib\" \/><\/p>\n<p><img src=\"https:\/\/static.s123-cdn-static.com\/uploads\/4225708\/2000_5f634bc88a221.jpg\" class=\"fr-fic fr-dib\" \/><\/p>\n<p><img src=\"https:\/\/static.s123-cdn-static.com\/uploads\/4225708\/2000_5f634bd5cf623.jpg\" class=\"fr-fic fr-dib\" \/><img src=\"https:\/\/static.s123-cdn-static.com\/uploads\/4225708\/2000_5f634bdd18d51.jpg\" class=\"fr-fic fr-dib\" \/><\/p>\n<p><strong>POLIDEPORTIVO EN FUENTE HERIDOS (BADAJOZ)<\/strong><\/p>\n<p><img src=\"https:\/\/static.s123-cdn-static.com\/uploads\/4225708\/2000_5f68632b79252.jpg\" class=\"fr-fic fr-dib\" \/><\/p>\n<p><img src=\"https:\/\/static.s123-cdn-static.com\/uploads\/4225708\/2000_5f68633873561.jpg\" class=\"fr-fic fr-dib\" \/><\/p>\n<p>[\/et_pb_text][\/et_pb_column_inner][\/et_pb_row_inner][\/et_pb_column][\/et_pb_section]<\/p>\n","protected":false},"excerpt":{"rendered":"<p>[et_pb_section fb_built=\u00bb1&#8243; use_custom_gutter=\u00bbon\u00bb gutter_width=\u00bb1&#8243; specialty=\u00bbon\u00bb background_color_2=\u00bb#f7f7f7&#8243; padding_top_2=\u00bb60px\u00bb admin_label=\u00bbAbout Us\u00bb module_class=\u00bb et_pb_specialty_fullwidth\u00bb _builder_version=\u00bb4.6.6&#8243; use_background_color_gradient=\u00bbon\u00bb background_color_gradient_start=\u00bbrgba(12,12,12,0.4)\u00bb background_color_gradient_end=\u00bbrgba(12,12,12,0)\u00bb background_color_gradient_type=\u00bbradial\u00bb background_color_gradient_direction_radial=\u00bbtop left\u00bb background_color_gradient_overlays_image=\u00bbon\u00bb background_image=\u00bbhttp:\/\/www.avantiare.es\/wp-content\/uploads\/2021\/03\/unnamed.png\u00bb inner_width=\u00bb100%\u00bb inner_width_tablet=\u00bb100%\u00bb inner_width_phone=\u00bb\u00bb inner_width_last_edited=\u00bbon|desktop\u00bb inner_max_width=\u00bb100%\u00bb inner_max_width_tablet=\u00bb100%\u00bb inner_max_width_phone=\u00bb\u00bb inner_max_width_last_edited=\u00bbon|desktop\u00bb custom_margin=\u00bb|||\u00bb custom_padding=\u00bb0px|0px|0px|0px|true|false\u00bb make_fullwidth=\u00bbon\u00bb][et_pb_column type=\u00bb1_3&#8243; _builder_version=\u00bb3.25&#8243; custom_padding=\u00bb|||\u00bb custom_padding__hover=\u00bb|||\u00bb][et_pb_divider show_divider=\u00bboff\u00bb _builder_version=\u00bb4.6.6&#8243; background_image=\u00bbhttp:\/\/www.avantiare.es\/wp-content\/uploads\/2021\/03\/unnamed.png\u00bb height=\u00bb240px\u00bb][\/et_pb_divider][\/et_pb_column][et_pb_column type=\u00bb2_3&#8243; specialty_columns=\u00bb2&#8243; _builder_version=\u00bb3.25&#8243; background_color=\u00bb#f7f7f7&#8243; custom_padding=\u00bb|||\u00bb custom_padding__hover=\u00bb|||\u00bb][et_pb_row_inner custom_padding_last_edited=\u00bbon|tablet\u00bb _builder_version=\u00bb3.25&#8243; custom_margin=\u00bb|||\u00bb custom_padding=\u00bb|8vw|45px|8vw|false|false\u00bb custom_padding_tablet=\u00bb|40px||40px||true\u00bb custom_padding_phone=\u00bb\u00bb][et_pb_column_inner saved_specialty_column_type=\u00bb2_3&#8243; _builder_version=\u00bb3.25&#8243; custom_padding=\u00bb|||\u00bb custom_padding__hover=\u00bb|||\u00bb][et_pb_text [&hellip;]<\/p>\n","protected":false},"author":2,"featured_media":0,"parent":0,"menu_order":0,"comment_status":"closed","ping_status":"closed","template":"","meta":{"_et_pb_use_builder":"on","_et_pb_old_content":"","_et_gb_content_width":""},"_links":{"self":[{"href":"https:\/\/www.avantiare.es\/index.php?rest_route=\/wp\/v2\/pages\/432"}],"collection":[{"href":"https:\/\/www.avantiare.es\/index.php?rest_route=\/wp\/v2\/pages"}],"about":[{"href":"https:\/\/www.avantiare.es\/index.php?rest_route=\/wp\/v2\/types\/page"}],"author":[{"embeddable":true,"href":"https:\/\/www.avantiare.es\/index.php?rest_route=\/wp\/v2\/users\/2"}],"replies":[{"embeddable":true,"href":"https:\/\/www.avantiare.es\/index.php?rest_route=%2Fwp%2Fv2%2Fcomments&post=432"}],"version-history":[{"count":5,"href":"https:\/\/www.avantiare.es\/index.php?rest_route=\/wp\/v2\/pages\/432\/revisions"}],"predecessor-version":[{"id":456,"href":"https:\/\/www.avantiare.es\/index.php?rest_route=\/wp\/v2\/pages\/432\/revisions\/456"}],"wp:attachment":[{"href":"https:\/\/www.avantiare.es\/index.php?rest_route=%2Fwp%2Fv2%2Fmedia&parent=432"}],"curies":[{"name":"wp","href":"https:\/\/api.w.org\/{rel}","templated":true}]}}